{"id":5,"date":"2016-09-05T12:34:09","date_gmt":"2016-09-05T12:34:09","guid":{"rendered":"http:\/\/demos.artbees.net\/jupiter5\/ammon\/?page_id=5"},"modified":"2018-11-22T12:23:28","modified_gmt":"2018-11-22T17:23:28","slug":"home","status":"publish","type":"page","link":"https:\/\/test.cavadelosamigos.com.mx\/","title":{"rendered":"Inicio"},"content":{"rendered":"[mk_page_section bg_image=&#8221;http:\/\/test.cavadelosamigos.com.mx\/wp-content\/uploads\/2018\/09\/dsc4062-compressor.jpg&#8221; attachment=&#8221;fixed&#8221; bg_position=&#8221;center center&#8221; bg_repeat=&#8221;no-repeat&#8221; bg_stretch=&#8221;true&#8221; enable_3d=&#8221;true&#8221; video_color_mask=&#8221;rgba(0,0,0,0.5)&#8221; video_opacity=&#8221;1&#8243; full_height=&#8221;true&#8221; sidebar=&#8221;sidebar-1&#8243;][vc_column][mk_padding_divider][mk_image src=&#8221;http:\/\/test.cavadelosamigos.com.mx\/wp-content\/uploads\/2018\/09\/recurso-3logo.png&#8221; image_size=&#8221;full&#8221; align=&#8221;center&#8221;][mk_fancy_title tag_name=&#8221;h1&#8243; color=&#8221;#ffffff&#8221; size=&#8221;19&#8243; force_font_size=&#8221;true&#8221; size_tablet=&#8221;40&#8243; size_phone=&#8221;25&#8243; font_weight=&#8221;400&#8243; font_style=&#8221;italic&#8221; txt_transform=&#8221;none&#8221; font_family=&#8221;PT+Serif&#8221; font_type=&#8221;google&#8221;]\n<p style=\"text-align: center;\"><em>Les ofrecemos una selecci\u00f3n de vinos que por su aroma, sabor, calidad y precio han sido seleccionados para ustedes.<\/em><\/p>\n[\/mk_fancy_title][mk_button dimension=&#8221;outline&#8221; size=&#8221;x-large&#8221; url=&#8221;#descubre&#8221; align=&#8221;center&#8221; margin_bottom=&#8221;5&#8243; margin_right=&#8221;0&#8243; outline_skin=&#8221;light&#8221;]Descubre m\u00e1s[\/mk_button][\/vc_column][\/mk_page_section][mk_page_section bg_image=&#8221;http:\/\/test.cavadelosamigos.com.mx\/wp-content\/uploads\/2018\/09\/pexels-photo-935240.jpeg&#8221; bg_position=&#8221;center center&#8221; bg_repeat=&#8221;no-repeat&#8221; min_height=&#8221;588&#8243; sidebar=&#8221;sidebar-1&#8243;][vc_column][vc_row_inner visibility=&#8221;visible-dt&#8221; el_id=&#8221;descubre&#8221;][vc_column_inner width=&#8221;1\/4&#8243;][\/vc_column_inner][vc_column_inner width=&#8221;3\/4&#8243;][mk_padding_divider size=&#8221;160&#8243;][mk_fancy_title tag_name=&#8221;h1&#8243; size=&#8221;48&#8243; force_font_size=&#8221;true&#8221; size_tablet=&#8221;40&#8243; size_phone=&#8221;25&#8243; font_weight=&#8221;bold&#8221; txt_transform=&#8221;none&#8221; font_family=&#8221;PT+Serif&#8221; font_type=&#8221;google&#8221;]Bienvenido a[\/mk_fancy_title][mk_image src=&#8221;http:\/\/test.cavadelosamigos.com.mx\/wp-content\/uploads\/2018\/11\/recurso-7logo.png&#8221; image_size=&#8221;full&#8221;][vc_column_text disable_pattern=&#8221;false&#8221; css=&#8221;.vc_custom_1537394402472{margin-bottom: 0px !important;}&#8221;]M\u00e1s de 10 a\u00f1os de experiencia ofreciendo a nuestros clientes la mejor selecci\u00f3n de vinos con una amplia variedad, los cuales son almacenados en \u00f3ptimas condiciones de conservaci\u00f3n para su satisfacci\u00f3n.[\/vc_column_text][\/vc_column_inner][\/vc_row_inner][\/vc_column][\/mk_page_section][vc_row fullwidth=&#8221;true&#8221;][vc_column css=&#8221;.vc_custom_1537395962686{background-image: url(http:\/\/test.cavadelosamigos.com.mx\/wp-content\/uploads\/2018\/09\/sin-ttulo-2-1.jpg?id=178) !important;background-position: 0 0 !important;background-repeat: no-repeat !important;}&#8221;][vc_row_inner][vc_column_inner width=&#8221;1\/2&#8243;][\/vc_column_inner][vc_column_inner width=&#8221;1\/2&#8243;][mk_padding_divider size=&#8221;240&#8243;][mk_custom_box padding_vertical=&#8221;170&#8243; padding_horizental=&#8221;40&#8243; bg_color=&#8221;#681515&#8243; bg_position=&#8221;right center&#8221;][mk_fancy_title tag_name=&#8221;h3&#8243; color=&#8221;#ffffff&#8221; size=&#8221;30&#8243; force_font_size=&#8221;true&#8221; size_tablet=&#8221;40&#8243; size_phone=&#8221;25&#8243; font_weight=&#8221;bold&#8221; txt_transform=&#8221;none&#8221; font_family=&#8221;PT+Serif&#8221; font_type=&#8221;google&#8221;]Vino del mes[\/mk_fancy_title][mk_fancy_title tag_name=&#8221;h3&#8243; color=&#8221;#ffffff&#8221; size=&#8221;48&#8243; force_font_size=&#8221;true&#8221; size_tablet=&#8221;40&#8243; size_phone=&#8221;25&#8243; font_weight=&#8221;bold&#8221; txt_transform=&#8221;none&#8221; font_family=&#8221;PT+Serif&#8221; font_type=&#8221;google&#8221;]La Fleur de Bo\u00fcard[\/mk_fancy_title][vc_column_text disable_pattern=&#8221;false&#8221; margin_bottom=&#8221;20&#8243; css=&#8221;.vc_custom_1541722478610{margin-bottom: 20px !important;}&#8221;]<span style=\"color: #ffffff;\">Sabores tostados, acentos obscuros de ciruela y moras, con algunas notas de cedro y chocolate.<br \/>\nPara finalizar tiene un arm\u00f3nico toque tostado.<br \/>\n<\/span>[\/vc_column_text][mk_button dimension=&#8221;outline&#8221; size=&#8221;large&#8221; url=&#8221;http:\/\/test.cavadelosamigos.com.mx\/index.php\/la-fleur-de-bouard\/&#8221; outline_skin=&#8221;light&#8221;]Aprende m\u00e1s[\/mk_button][\/mk_custom_box][\/vc_column_inner][\/vc_row_inner][\/vc_column][\/vc_row][mk_page_section][vc_column][mk_padding_divider size=&#8221;120&#8243;][mk_fancy_title tag_name=&#8221;h1&#8243; size=&#8221;48&#8243; force_font_size=&#8221;true&#8221; size_tablet=&#8221;40&#8243; size_phone=&#8221;25&#8243; font_weight=&#8221;bold&#8221; txt_transform=&#8221;none&#8221; font_family=&#8221;PT+Serif&#8221; font_type=&#8221;google&#8221;]<span style=\"color: #7a3102;\">Nuestros vinos<\/span>[\/mk_fancy_title][\/vc_column][\/mk_page_section][mk_page_section][vc_column width=&#8221;1\/4&#8243;][mk_image src=&#8221;http:\/\/test.cavadelosamigos.com.mx\/wp-content\/uploads\/2018\/09\/gevrey-chambertin-vieilles-vignes.jpg&#8221; image_size=&#8221;full&#8221; link=&#8221;http:\/\/test.cavadelosamigos.com.mx\/index.php\/gevrey-chambertin-vieilles-vignes-2010\/&#8221; title=&#8221;Gevrey Chambertin Vieilles Vignes 2010 \u2013 750ml&#8221; caption_location=&#8221;outside-image&#8221; align=&#8221;center&#8221; margin_bottom=&#8221;0&#8243;][\/vc_column][vc_column width=&#8221;1\/4&#8243;][mk_image src=&#8221;http:\/\/test.cavadelosamigos.com.mx\/wp-content\/uploads\/2018\/09\/champagne-delamotte-blanc-de-blancs.jpg&#8221; image_size=&#8221;full&#8221; link=&#8221;http:\/\/test.cavadelosamigos.com.mx\/index.php\/champagne-delamotte-blanc-de-blancs\/&#8221; title=&#8221;Champagne De La Motte Blanc de Blancs&#8221; caption_location=&#8221;outside-image&#8221; align=&#8221;center&#8221; margin_bottom=&#8221;0&#8243;][\/vc_column][vc_column width=&#8221;1\/4&#8243;][mk_image src=&#8221;http:\/\/test.cavadelosamigos.com.mx\/wp-content\/uploads\/2018\/09\/le-lion-la-fleur-de-bouard-2014.png&#8221; image_size=&#8221;full&#8221; link=&#8221;http:\/\/test.cavadelosamigos.com.mx\/index.php\/le-lion-de-la-fleur-de-bouard\/&#8221; title=&#8221;Le Lion de la Fleur de Bo\u00fcard &#8211; 2014 &#8211; 750 ml&#8221; caption_location=&#8221;outside-image&#8221; align=&#8221;center&#8221; margin_bottom=&#8221;0&#8243;][\/vc_column][vc_column width=&#8221;1\/4&#8243;][mk_image src=&#8221;http:\/\/test.cavadelosamigos.com.mx\/wp-content\/uploads\/2018\/09\/domaine-richeaume-2009-750-ml.jpg&#8221; image_size=&#8221;full&#8221; link=&#8221;http:\/\/test.cavadelosamigos.com.mx\/index.php\/cuvee-tradition-red-domaine-richeaume\/&#8221; title=&#8221;Domaine Richeaume 2009 \u2013 750 ml&#8221; caption_location=&#8221;outside-image&#8221; align=&#8221;center&#8221; margin_bottom=&#8221;0&#8243;][\/vc_column][\/mk_page_section][vc_row][vc_column][mk_button dimension=&#8221;outline&#8221; size=&#8221;large&#8221; url=&#8221;http:\/\/test.cavadelosamigos.com.mx\/index.php\/vinos\/&#8221; align=&#8221;center&#8221; margin_top=&#8221;20&#8243;]Conoce m\u00e1s[\/mk_button][mk_padding_divider size=&#8221;120&#8243;][\/vc_column][\/vc_row][mk_page_section][vc_column][mk_fancy_title tag_name=&#8221;h1&#8243; size=&#8221;48&#8243; force_font_size=&#8221;true&#8221; size_tablet=&#8221;40&#8243; size_phone=&#8221;25&#8243; font_weight=&#8221;bold&#8221; txt_transform=&#8221;none&#8221; font_family=&#8221;PT+Serif&#8221; font_type=&#8221;google&#8221;]\n<p style=\"text-align: center;\"><span style=\"color: #7a3102;\">\u00bfC\u00f3mo solicitar?<\/span><\/p>\n[\/mk_fancy_title][vc_column_text disable_pattern=&#8221;false&#8221; margin_bottom=&#8221;20&#8243; css=&#8221;.vc_custom_1541727396484{margin-bottom: 20px !important;}&#8221;]\n<p style=\"text-align: center;\">\u00danicamente se pueden solicitar los vinos por caja cerrada de 1, 6 \u00f3 12 botellas<\/p>\n[\/vc_column_text][\/vc_column][\/mk_page_section][vc_row][vc_column width=&#8221;1\/4&#8243;][mk_fancy_title size=&#8221;100&#8243; margin_bottom=&#8221;0&#8243; font_family=&#8221;none&#8221;]\n<p style=\"text-align: right;\">1<\/p>\n[\/mk_fancy_title][\/vc_column][vc_column width=&#8221;3\/4&#8243;][mk_padding_divider size=&#8221;23&#8243;][vc_column_text disable_pattern=&#8221;false&#8221; margin_bottom=&#8221;20&#8243; css=&#8221;.vc_custom_1537414009394{margin-bottom: 20px !important;}&#8221;]Env\u00edenos v\u00eda e-mail a ventas@cavadelosamigos.com.mx su solicitud por caja.\u00a0Nosotros le enviaremos una confirmaci\u00f3n de que se encuentran en existencia.[\/vc_column_text][\/vc_column][\/vc_row][vc_row][vc_column width=&#8221;1\/4&#8243;][mk_fancy_title size=&#8221;100&#8243; margin_bottom=&#8221;0&#8243; font_family=&#8221;none&#8221;]\n<p style=\"text-align: right;\">2<\/p>\n[\/mk_fancy_title][\/vc_column][vc_column width=&#8221;3\/4&#8243;][mk_padding_divider size=&#8221;23&#8243;][vc_column_text disable_pattern=&#8221;false&#8221; margin_bottom=&#8221;20&#8243; css=&#8221;.vc_custom_1537414001306{margin-bottom: 20px !important;}&#8221;]Posteriormente, se realiza el dep\u00f3sito y se manda el comprobante del mismo a ventas@cavadelosamigos.com.mx[\/vc_column_text][\/vc_column][\/vc_row][vc_row][vc_column width=&#8221;1\/4&#8243;][mk_fancy_title size=&#8221;100&#8243; margin_bottom=&#8221;0&#8243; font_family=&#8221;none&#8221;]\n<p style=\"text-align: right;\">3<\/p>\n[\/mk_fancy_title][\/vc_column][vc_column width=&#8221;3\/4&#8243;][mk_padding_divider size=&#8221;23&#8243;][vc_column_text disable_pattern=&#8221;false&#8221; margin_bottom=&#8221;20&#8243; css=&#8221;.vc_custom_1537414024908{margin-bottom: 20px !important;}&#8221;]Finalmente, se hace el env\u00edo de su pedido a su oficina o domicilio seg\u00fan nos indique.[\/vc_column_text][\/vc_column][\/vc_row][vc_row][vc_column][mk_padding_divider size=&#8221;120&#8243;][\/vc_column][\/vc_row][vc_row fullwidth=&#8221;true&#8221; css=&#8221;.vc_custom_1537415140514{background-image: url(http:\/\/test.cavadelosamigos.com.mx\/wp-content\/uploads\/2018\/09\/sin-ttulo-4-1.jpg?id=250) !important;}&#8221;][vc_column][mk_padding_divider size=&#8221;190&#8243;][mk_button dimension=&#8221;outline&#8221; size=&#8221;x-large&#8221; url=&#8221;http:\/\/test.cavadelosamigos.com.mx\/index.php\/contact\/&#8221; align=&#8221;center&#8221; margin_bottom=&#8221;5&#8243; margin_right=&#8221;0&#8243; outline_skin=&#8221;light&#8221;]Cont\u00e1ctanos[\/mk_button][mk_padding_divider size=&#8221;190&#8243;][\/vc_column][\/vc_row]\n","protected":false},"excerpt":{"rendered":"<p>[mk_page_section bg_image=&#8221;http:\/\/test.cavadelosamigos.com.mx\/wp-content\/uploads\/2018\/09\/dsc4062-compressor.jpg&#8221; attachment=&#8221;fixed&#8221; bg_position=&#8221;center center&#8221; bg_repeat=&#8221;no-repeat&#8221; bg_stretch=&#8221;true&#8221; enable_3d=&#8221;true&#8221; video_color_mask=&#8221;rgba(0,0,0,0.5)&#8221; video_opacity=&#8221;1&#8243; full_height=&#8221;true&#8221; sidebar=&#8221;sidebar-1&#8243;][vc_column][mk_padding_divider][mk_image src=&#8221;http:\/\/test.cavadelosamigos.com.mx\/wp-content\/uploads\/2018\/09\/recurso-3logo.png&#8221; image_size=&#8221;full&#8221; align=&#8221;center&#8221;][mk_fancy_title tag_name=&#8221;h1&#8243; color=&#8221;#ffffff&#8221; size=&#8221;19&#8243; force_font_size=&#8221;true&#8221; size_tablet=&#8221;40&#8243; size_phone=&#8221;25&#8243; font_weight=&#8221;400&#8243; font_style=&#8221;italic&#8221; txt_transform=&#8221;none&#8221; font_family=&#8221;PT+Serif&#8221; font_type=&#8221;google&#8221;] Les ofrecemos una selecci\u00f3n de vinos que por su aroma, sabor, calidad y precio han sido seleccionados para ustedes. [\/mk_fancy_title][mk_button dimension=&#8221;outline&#8221; size=&#8221;x-large&#8221; url=&#8221;#descubre&#8221; align=&#8221;center&#8221; margin_bottom=&#8221;5&#8243; margin_right=&#8221;0&#8243; outline_skin=&#8221;light&#8221;]Descubre m\u00e1s[\/mk_button][\/vc_column][\/mk_page_section][mk_page_section bg_image=&#8221;http:\/\/test.cavadelosamigos.com.mx\/wp-content\/uploads\/2018\/09\/pexels-photo-935240.jpeg&#8221; [&hellip;]<\/p>\n","protected":false},"author":2,"featured_media":0,"parent":0,"menu_order":0,"comment_status":"closed","ping_status":"closed","template":"","meta":[],"_links":{"self":[{"href":"https:\/\/test.cavadelosamigos.com.mx\/index.php\/wp-json\/wp\/v2\/pages\/5"}],"collection":[{"href":"https:\/\/test.cavadelosamigos.com.mx\/index.php\/wp-json\/wp\/v2\/pages"}],"about":[{"href":"https:\/\/test.cavadelosamigos.com.mx\/index.php\/wp-json\/wp\/v2\/types\/page"}],"author":[{"embeddable":true,"href":"https:\/\/test.cavadelosamigos.com.mx\/index.php\/wp-json\/wp\/v2\/users\/2"}],"replies":[{"embeddable":true,"href":"https:\/\/test.cavadelosamigos.com.mx\/index.php\/wp-json\/wp\/v2\/comments?post=5"}],"version-history":[{"count":99,"href":"https:\/\/test.cavadelosamigos.com.mx\/index.php\/wp-json\/wp\/v2\/pages\/5\/revisions"}],"predecessor-version":[{"id":549,"href":"https:\/\/test.cavadelosamigos.com.mx\/index.php\/wp-json\/wp\/v2\/pages\/5\/revisions\/549"}],"wp:attachment":[{"href":"https:\/\/test.cavadelosamigos.com.mx\/index.php\/wp-json\/wp\/v2\/media?parent=5"}],"curies":[{"name":"wp","href":"https:\/\/api.w.org\/{rel}","templated":true}]}}